{"id":1630,"date":"2021-08-23T12:14:14","date_gmt":"2021-08-23T10:14:14","guid":{"rendered":"https:\/\/privacyprovided.eu\/max-schrems"},"modified":"2021-11-18T12:58:18","modified_gmt":"2021-11-18T11:58:18","slug":"max-schrems","status":"publish","type":"page","link":"https:\/\/privacyprovided.eu\/en\/about-us\/max-schrems","title":{"rendered":"Max Schrems"},"content":{"rendered":"\n<section class=\"wp-block-uagb-columns uagb-columns__wrap uagb-columns__background-undefined uagb-columns__stack-mobile uagb-columns__valign-undefined uagb-columns__gap-10 alignundefined uagb-block-b611c708\"><div class=\"uagb-columns__overlay\"><\/div><div class=\"uagb-columns__inner-wrap uagb-columns__columns-2\">\n<div class=\"wp-block-uagb-column uagb-column__wrap uagb-column__background-color uagb-block-3a245126\"><div class=\"uagb-column__overlay\"><\/div><div class=\"uagb-column__inner-wrap\">\n<h1 id=\"h-max-schrems\">Max Schrems<\/h1>\n\n\n\n<h2 id=\"h-der-vermutlich-bekannteste-europ-ische-datensch-tzer\">Probably the most famous European data protectionist<\/h2>\n\n\n\n<p><\/p>\n<\/div><\/div>\n\n\n\n<div class=\"wp-block-uagb-column uagb-column__wrap uagb-column__background-color uagb-block-6a80d68a\"><div class=\"uagb-column__overlay\"><\/div><div class=\"uagb-column__inner-wrap\">\n<div class=\"wp-block-image centercenter\"><figure class=\"aligncenter size-large is-resized\"><img decoding=\"async\" loading=\"lazy\" data-src=\"https:\/\/privacyprovided.eu\/wp-content\/uploads\/\/2021\/03\/max-schrems_amber.svg\" alt=\"Max Schrems Portrait\" class=\"wp-image-1633 lazyload\" width=\"253\" height=\"367\" src=\"data:image\/gif;base64,R0lGODlhAQABAAAAACH5BAEKAAEALAAAAAABAAEAAAICTAEAOw==\" style=\"--smush-placeholder-width: 253px; --smush-placeholder-aspect-ratio: 253\/367;\" \/><noscript><img decoding=\"async\" loading=\"lazy\" src=\"https:\/\/privacyprovided.eu\/wp-content\/uploads\/\/2021\/03\/max-schrems_amber.svg\" alt=\"Max Schrems Portrait\" class=\"wp-image-1633\" width=\"253\" height=\"367\"\/><\/noscript><\/figure><\/div>\n\n\n\n<p><\/p>\n<\/div><\/div>\n<\/div><\/section>\n\n<section class=\"wp-block-uagb-columns uagb-columns__wrap uagb-columns__background-undefined uagb-columns__stack-mobile uagb-columns__valign-undefined uagb-columns__gap-10 alignundefined uagb-columns__reverse-tablet uagb-columns__reverse-mobile uagb-block-f0930333\"><div class=\"uagb-columns__overlay\"><\/div><div class=\"uagb-columns__inner-wrap uagb-columns__columns-2\">\n<div class=\"wp-block-uagb-column uagb-column__wrap uagb-column__background-color uagb-block-75868bdb\"><div class=\"uagb-column__overlay\"><\/div><div class=\"uagb-column__inner-wrap\">\n<div class=\"wp-block-image centercenter\"><figure class=\"aligncenter size-large is-resized\"><img decoding=\"async\" loading=\"lazy\" data-src=\"https:\/\/privacyprovided.eu\/wp-content\/uploads\/2021\/03\/privacy_shield_datenschutz_max_schrems_2.svg\" alt=\"Privacy Shield ung\u00fcltig\" class=\"wp-image-1152 lazyload\" width=\"361\" height=\"363\" src=\"data:image\/gif;base64,R0lGODlhAQABAAAAACH5BAEKAAEALAAAAAABAAEAAAICTAEAOw==\" style=\"--smush-placeholder-width: 361px; --smush-placeholder-aspect-ratio: 361\/363;\" \/><noscript><img decoding=\"async\" loading=\"lazy\" src=\"https:\/\/privacyprovided.eu\/wp-content\/uploads\/2021\/03\/privacy_shield_datenschutz_max_schrems_2.svg\" alt=\"Privacy Shield ung\u00fcltig\" class=\"wp-image-1152\" width=\"361\" height=\"363\"\/><\/noscript><\/figure><\/div>\n\n\n\n<p class=\"has-white-color has-text-color\"><\/p>\n\n\n\n<p><\/p>\n<\/div><\/div>\n\n\n\n<div class=\"wp-block-uagb-column uagb-column__wrap uagb-column__background-color uagb-block-527dde50\"><div class=\"uagb-column__overlay\"><\/div><div class=\"uagb-column__inner-wrap\">\n<h2 id=\"h-max-schrems-kippte-die-eu-us-abkommen-safe-harbor-und-privacy-shield\">Max Schrems kippte die EU\/US-Abkommen Safe Harbor und Privacy Shield<\/h2>\n\n\n\n<p>Der Datensch\u00fctzer Max Schrems ist bekannt geworden als der Europ\u00e4ische Gerichtshof in Folge von Schrems&#8217; Klagen  die EU\/US-Abkommen &#8220;Safe Harbor&#8221; und &#8220;Privacy Shield&#8221; f\u00fcr ung\u00fcltig erkl\u00e4rte. Die Urteile Schrems I und II haben weitreichende Auswirkungen: Die meisten US-Unternehmen beriefen sich seinerzeit auf diese Abkommen, um personenbezogene Daten in den USA zu verarbeiten. Daher muss jetzt der Datenschutz individuell sichergestellt werden.<\/p>\n<\/div><\/div>\n<\/div><\/section>\n\n<section class=\"wp-block-uagb-columns uagb-columns__wrap uagb-columns__background-undefined uagb-columns__stack-mobile uagb-columns__valign-undefined uagb-columns__gap-10 alignundefined uagb-block-33dbf2ca\"><div class=\"uagb-columns__overlay\"><\/div><div class=\"uagb-columns__inner-wrap uagb-columns__columns-2\">\n<div class=\"wp-block-uagb-column uagb-column__wrap uagb-column__background-color uagb-block-f6045393\"><div class=\"uagb-column__overlay\"><\/div><div class=\"uagb-column__inner-wrap\">\n<h2 id=\"h-aus-berzeugung-david-gegen-goliath\">Aus \u00dcberzeugung:<br>David gegen Goliath<\/h2>\n\n\n\n<p class=\"has-text-color\" style=\"color:#192a6b\">Max ist \u00fcberzeugter Europ\u00e4er und hat die \u00f6sterreichische Staatsangeh\u00f6rigkeit. Er ist 33 Jahre alt und geh\u00f6rt bereits seit vielen Jahren zu den weltweit bekanntesten Datensch\u00fctzern. Er ist Jurist und hat mehrere B\u00fccher ver\u00f6ffentlicht, darunter 2014 &#8220;K\u00e4mpf um deine Daten&#8221; und 2011 &#8220;Private Video\u00fcberwachung&#8221;. <\/p>\n\n\n\n<p class=\"has-text-color\" style=\"color:#192a6b\">Max Schrems ist begehrter Sprecher und Interviewpartner. Seine Sicht zu Datenschutzthemen wird laut Google News fast t\u00e4glich in der Presse zitiert. Die Frankfurter Allgemeine Zeitung (FAZ) schreibt, er bliebe &#8220;f\u00fcr immer David&#8221; gegen die Goliaths der Internet-Industrie. (<a href=\"https:\/\/www.faz.net\/aktuell\/politik\/der-datenschuetzer-max-schrems-fuer-immer-david-16863780.html\" target=\"_blank\" rel=\"noreferrer noopener\">Quelle<\/a>)<\/p>\n<\/div><\/div>\n\n\n\n<div class=\"wp-block-uagb-column uagb-column__wrap uagb-column__background-color uagb-block-d4446a14\"><div class=\"uagb-column__overlay\"><\/div><div class=\"uagb-column__inner-wrap\">\n<p class=\"has-text-color has-large-font-size\" style=\"color:#ffd400\">\u201e<strong>Datenschutz soll nicht nur auf dem Papier stehen, sondern in der Realit\u00e4t ankommen!<\/strong>\u201d<\/p>\n\n\n\n<p class=\"has-text-color\" style=\"color:#ffd400\">Max Schrems<\/p>\n<\/div><\/div>\n<\/div><\/section>\n\n<figure class=\"wp-block-video\"><video autoplay=\"\" controls=\"\" muted=\"\" poster=\"\" src=\"https:\/\/privacyprovided.eu\/wp-content\/recordings\/privacy_provided_max_schrems.mp4\"><\/video><figcaption><span style=\"color:#192a6b\" class=\"has-inline-color\">Video about Max Schrems<\/span><\/figcaption><\/figure>\n<section class=\"wp-block-uagb-columns uagb-columns__wrap uagb-columns__background-undefined uagb-columns__stack-mobile uagb-columns__valign-undefined uagb-columns__gap-10 alignundefined uagb-columns__reverse-tablet uagb-columns__reverse-mobile uagb-block-b49fcd85\"><div class=\"uagb-columns__overlay\"><\/div><div class=\"uagb-columns__inner-wrap uagb-columns__columns-2\">\n<div class=\"wp-block-uagb-column uagb-column__wrap uagb-column__background-color uagb-block-399a33ba\"><div class=\"uagb-column__overlay\"><\/div><div class=\"uagb-column__inner-wrap\">\n<figure class=\"wp-block-image size-large is-resized centercenter\"><img decoding=\"async\" loading=\"lazy\" data-src=\"https:\/\/privacyprovided.eu\/wp-content\/uploads\/\/2021\/03\/schneepflug_max_schrems_datenschutz.svg\" alt=\"Max Schrems - like a snow plow for data protection\" class=\"wp-image-1635 lazyload\" width=\"477\" height=\"342\" src=\"data:image\/gif;base64,R0lGODlhAQABAAAAACH5BAEKAAEALAAAAAABAAEAAAICTAEAOw==\" style=\"--smush-placeholder-width: 477px; --smush-placeholder-aspect-ratio: 477\/342;\" \/><noscript><img decoding=\"async\" loading=\"lazy\" src=\"https:\/\/privacyprovided.eu\/wp-content\/uploads\/\/2021\/03\/schneepflug_max_schrems_datenschutz.svg\" alt=\"Max Schrems - like a snow plow for data protection\" class=\"wp-image-1635\" width=\"477\" height=\"342\"\/><\/noscript><\/figure><\/div><\/div>\n\n\n\n<div class=\"wp-block-uagb-column uagb-column__wrap uagb-column__background-color uagb-block-65736a21\"><div class=\"uagb-column__overlay\"><\/div><div class=\"uagb-column__inner-wrap\">\n<h2 id=\"h-max-schrems-als-schneepflug-f-r-unsere-digitale-zukunft\">Max Schrems as \u201cSnow plow for our digital future\u201d<\/h2>\n\n\n\n<p>Max Schrems und his team concentrate on the big data protection issues. They are idealists. As a result, they want real changes in the handling of personal data. Accordingly, he does<em>not fight against companies and technologies<\/em>, but <em>for data protection<\/em>. <\/p>\n\n\n\n<p>He himself compares his work with a snow plow: \u201cLike a snow plow, with large cases we make fundamental decisions that clear the way for the multitude of small cases. These fundamental decisions may still influence our digital future 100 years from now. &#8220;<\/p>\n<\/div><\/div>\n<\/div><\/section>\n\n<section class=\"wp-block-uagb-columns uagb-columns__wrap uagb-columns__background-undefined uagb-columns__stack-mobile uagb-columns__valign-undefined uagb-columns__gap-10 alignundefined uagb-block-da859abc\"><div class=\"uagb-columns__overlay\"><\/div><div class=\"uagb-columns__inner-wrap uagb-columns__columns-2\">\n<div class=\"wp-block-uagb-column uagb-column__wrap uagb-column__background-color uagb-block-35e44515\"><div class=\"uagb-column__overlay\"><\/div><div class=\"uagb-column__inner-wrap\">\n<h2 id=\"h-gr-nder-der-ngo-noyb-my-privacy-is-none-of-your-business\">Founder of the NGO noyb (My privacy is none of your business) <\/h2>\n\n\n\n<p class=\"has-text-color\" style=\"color:#192a6b\">Max founded the NGO in 2017 with the name \u201cNOYB &#8211; European Center for Digital Rights\u201d. NOYB came about with a successful crowdfunding and is financed through <a href=\"https:\/\/noyb.eu\/de\/unterstuetze-uns\" target=\"_blank\" rel=\"noreferrer noopener\">donations<\/a>. In the meantime, 15 employees are fighting to ensure that the General Data Protection Regulation is implemented in practice. <\/p>\n<\/div><\/div>\n\n\n\n<div class=\"wp-block-uagb-column uagb-column__wrap uagb-column__background-color uagb-block-aaeebaea\"><div class=\"uagb-column__overlay\"><\/div><div class=\"uagb-column__inner-wrap\">\n<div class=\"wp-block-image centercenter\"><figure class=\"aligncenter size-large is-resized\"><img decoding=\"async\" loading=\"lazy\" data-src=\"https:\/\/privacyprovided.eu\/wp-content\/uploads\/\/2021\/03\/noyb_privacy_provided.svg\" alt=\"noyb - my privacy is none of your business\" class=\"wp-image-1637 lazyload\" width=\"197\" height=\"197\" src=\"data:image\/gif;base64,R0lGODlhAQABAAAAACH5BAEKAAEALAAAAAABAAEAAAICTAEAOw==\" style=\"--smush-placeholder-width: 197px; --smush-placeholder-aspect-ratio: 197\/197;\" \/><noscript><img decoding=\"async\" loading=\"lazy\" src=\"https:\/\/privacyprovided.eu\/wp-content\/uploads\/\/2021\/03\/noyb_privacy_provided.svg\" alt=\"noyb - my privacy is none of your business\" class=\"wp-image-1637\" width=\"197\" height=\"197\"\/><\/noscript><\/figure><\/div>\n<\/div><\/div>\n<\/div><\/section>\n\n<section class=\"wp-block-uagb-columns uagb-columns__wrap uagb-columns__background-undefined uagb-columns__stack-mobile uagb-columns__valign-undefined uagb-columns__gap-10 alignundefined uagb-block-3e89bcae\"><div class=\"uagb-columns__overlay\"><\/div><div class=\"uagb-columns__inner-wrap uagb-columns__columns-2\">\n<div class=\"wp-block-uagb-column uagb-column__wrap uagb-column__background-color uagb-block-e99156d9\"><div class=\"uagb-column__overlay\"><\/div><div class=\"uagb-column__inner-wrap\">\n<h2 id=\"h-privacy-provided\">privacy provided<\/h2>\n\n\n\n<p class=\"has-text-color\" style=\"color:#192a6b\">Max Schrems would like more pressure from European companies by being more consistent with GDPR -conform alternatives. These alternatives are available. As is so often the case, at the end of the day it is the customers &#8211; in this case business customers &#8211; who decide whether a satisfactory solution for data protection is to be developed. Therefore, he is available as a discussion partner in Fireside chats.<\/p>\n\n\n\n<p class=\"has-text-color\" style=\"color:#192a6b\">organizer is the <a href=\"https:\/\/www.truffle.one\">European B2B and Account Basedm Marketing agency<\/a> truffle.one GmbH. privacy provided is supported by <a href=\"https:\/\/privacyprovided.eu\/en\/about-us\/sponsors\">sponsors<\/a>.<\/p>\n<\/div><\/div>\n\n\n\n<div class=\"wp-block-uagb-column uagb-column__wrap uagb-column__background-color uagb-block-a7ee86b8\"><div class=\"uagb-column__overlay\"><\/div><div class=\"uagb-column__inner-wrap\">\n<div class=\"wp-block-image centercenter\"><figure class=\"aligncenter size-large is-resized\"><img decoding=\"async\" loading=\"lazy\" data-src=\"https:\/\/privacyprovided.eu\/wp-content\/uploads\/\/2021\/03\/Privacy_Provided_Logo_gelb.svg\" alt=\"Logo of the data protection initiative privacy provided\" class=\"wp-image-368 lazyload\" width=\"374\" height=\"212\" src=\"data:image\/gif;base64,R0lGODlhAQABAAAAACH5BAEKAAEALAAAAAABAAEAAAICTAEAOw==\" style=\"--smush-placeholder-width: 374px; --smush-placeholder-aspect-ratio: 374\/212;\" \/><noscript><img decoding=\"async\" loading=\"lazy\" src=\"https:\/\/privacyprovided.eu\/wp-content\/uploads\/\/2021\/03\/Privacy_Provided_Logo_gelb.svg\" alt=\"Logo of the data protection initiative privacy provided\" class=\"wp-image-368\" width=\"374\" height=\"212\"\/><\/noscript><\/figure><\/div>\n<\/div><\/div>\n<\/div><\/section>\n\n<p><\/p>\n","protected":false},"excerpt":{"rendered":"<p>Max Schrems Probably the most famous European data protectionist Max Schrems as \u201cSnow plow for our digital future\u201d Max Schrems und his team concentrate on the big data protection issues. They are idealists. As a result, they want real changes in the handling of personal data. Accordingly, he doesnot fight against companies and technologies, but [&hellip;]<\/p>\n","protected":false},"author":1,"featured_media":0,"parent":2689,"menu_order":2,"comment_status":"closed","ping_status":"closed","template":"","meta":{"_eb_attr":"","_uag_custom_page_level_css":"","site-sidebar-layout":"default","site-content-layout":"page-builder","ast-site-content-layout":"","site-content-style":"default","site-sidebar-style":"default","ast-global-header-display":"","ast-banner-title-visibility":"","ast-main-header-display":"","ast-hfb-above-header-display":"","ast-hfb-below-header-display":"","ast-hfb-mobile-header-display":"","site-post-title":"disabled","ast-breadcrumbs-content":"","ast-featured-img":"","footer-sml-layout":"","theme-transparent-header-meta":"default","adv-header-id-meta":"","stick-header-meta":"default","header-above-stick-meta":"","header-main-stick-meta":"","header-below-stick-meta":"","astra-migrate-meta-layouts":"default","ast-page-background-enabled":"default","ast-page-background-meta":{"desktop":{"background-color":"","background-image":"","background-repeat":"repeat","background-position":"center center","background-size":"auto","background-attachment":"scroll","background-type":"","background-media":"","overlay-type":"","overlay-color":"","overlay-opacity":"","overlay-gradient":""},"tablet":{"background-color":"","background-image":"","background-repeat":"repeat","background-position":"center center","background-size":"auto","background-attachment":"scroll","background-type":"","background-media":"","overlay-type":"","overlay-color":"","overlay-opacity":"","overlay-gradient":""},"mobile":{"background-color":"","background-image":"","background-repeat":"repeat","background-position":"center center","background-size":"auto","background-attachment":"scroll","background-type":"","background-media":"","overlay-type":"","overlay-color":"","overlay-opacity":"","overlay-gradient":""}},"ast-content-background-meta":{"desktop":{"background-color":"var(--ast-global-color-5)","background-image":"","background-repeat":"repeat","background-position":"center center","background-size":"auto","background-attachment":"scroll","background-type":"","background-media":"","overlay-type":"","overlay-color":"","overlay-opacity":"","overlay-gradient":""},"tablet":{"background-color":"var(--ast-global-color-5)","background-image":"","background-repeat":"repeat","background-position":"center center","background-size":"auto","background-attachment":"scroll","background-type":"","background-media":"","overlay-type":"","overlay-color":"","overlay-opacity":"","overlay-gradient":""},"mobile":{"background-color":"var(--ast-global-color-5)","background-image":"","background-repeat":"repeat","background-position":"center center","background-size":"auto","background-attachment":"scroll","background-type":"","background-media":"","overlay-type":"","overlay-color":"","overlay-opacity":"","overlay-gradient":""}}},"yoast_head":"<!-- This site is optimized with the Yoast SEO Premium plugin v18.2.1 (Yoast SEO v21.1) - https:\/\/yoast.com\/wordpress\/plugins\/seo\/ -->\n<title>\ud83e\udd2b Max Schrems on data protection in the company: pr\u25b0vacy provided<\/title>\n<meta name=\"description\" content=\"The data protection lawyer and activist Max Schrems, known from his lawsuits on Safe Harbor &amp; Privacy Shield, is discussing with companies how they offer-compliant services\" \/>\n<meta name=\"robots\" content=\"index, follow, max-snippet:-1, max-image-preview:large, max-video-preview:-1\" \/>\n<link rel=\"canonical\" href=\"https:\/\/privacyprovided.eu\/en\/about-us\/max-schrems\" \/>\n<meta property=\"og:locale\" content=\"en_US\" \/>\n<meta property=\"og:type\" content=\"article\" \/>\n<meta property=\"og:title\" content=\"Max Schrems\" \/>\n<meta property=\"og:description\" content=\"The data protection lawyer and activist Max Schrems, known from his lawsuits on Safe Harbor &amp; Privacy Shield, is discussing with companies how they offer-compliant services\" \/>\n<meta property=\"og:url\" content=\"https:\/\/privacyprovided.eu\/en\/about-us\/max-schrems\" \/>\n<meta property=\"og:site_name\" content=\"privacy provided\" \/>\n<meta property=\"article:modified_time\" content=\"2021-11-18T11:58:18+00:00\" \/>\n<meta property=\"og:image\" content=\"https:\/\/privacyprovided.eu\/wp-content\/uploads\/2021\/03\/max-schrems_amber.svg\" \/>\n<meta name=\"twitter:card\" content=\"summary_large_image\" \/>\n<meta name=\"twitter:image\" content=\"https:\/\/privacyprovided.eu\/wp-content\/uploads\/2021\/03\/max-schrems-social.jpg\" \/>\n<meta name=\"twitter:label1\" content=\"Est. reading time\" \/>\n\t<meta name=\"twitter:data1\" content=\"1 minute\" \/>\n<script type=\"application\/ld+json\" class=\"yoast-schema-graph\">{\"@context\":\"https:\/\/schema.org\",\"@graph\":[{\"@type\":\"WebPage\",\"@id\":\"https:\/\/privacyprovided.eu\/en\/about-us\/max-schrems\",\"url\":\"https:\/\/privacyprovided.eu\/en\/about-us\/max-schrems\",\"name\":\"\ud83e\udd2b Max Schrems on data protection in the company: pr\u25b0vacy provided\",\"isPartOf\":{\"@id\":\"https:\/\/privacyprovided.eu\/#website\"},\"datePublished\":\"2021-08-23T10:14:14+00:00\",\"dateModified\":\"2021-11-18T11:58:18+00:00\",\"description\":\"The data protection lawyer and activist Max Schrems, known from his lawsuits on Safe Harbor & Privacy Shield, is discussing with companies how they offer-compliant services\",\"breadcrumb\":{\"@id\":\"https:\/\/privacyprovided.eu\/en\/about-us\/max-schrems#breadcrumb\"},\"inLanguage\":\"en-US\",\"potentialAction\":[{\"@type\":\"ReadAction\",\"target\":[\"https:\/\/privacyprovided.eu\/en\/about-us\/max-schrems\"]}]},{\"@type\":\"BreadcrumbList\",\"@id\":\"https:\/\/privacyprovided.eu\/en\/about-us\/max-schrems#breadcrumb\",\"itemListElement\":[{\"@type\":\"ListItem\",\"position\":1,\"name\":\"Startseite\",\"item\":\"https:\/\/privacyprovided.eu\/en\"},{\"@type\":\"ListItem\",\"position\":2,\"name\":\"about us\",\"item\":\"https:\/\/privacyprovided.eu\/en\/about-us\"},{\"@type\":\"ListItem\",\"position\":3,\"name\":\"Max Schrems\"}]},{\"@type\":\"WebSite\",\"@id\":\"https:\/\/privacyprovided.eu\/#website\",\"url\":\"https:\/\/privacyprovided.eu\/\",\"name\":\"privacy provided\",\"description\":\"Datenschutz f\u00fcr Unternehmen\",\"publisher\":{\"@id\":\"https:\/\/privacyprovided.eu\/#organization\"},\"potentialAction\":[{\"@type\":\"SearchAction\",\"target\":{\"@type\":\"EntryPoint\",\"urlTemplate\":\"https:\/\/privacyprovided.eu\/?s={search_term_string}\"},\"query-input\":\"required name=search_term_string\"}],\"inLanguage\":\"en-US\"},{\"@type\":\"Organization\",\"@id\":\"https:\/\/privacyprovided.eu\/#organization\",\"name\":\"privacy provided\",\"url\":\"https:\/\/privacyprovided.eu\/\",\"logo\":{\"@type\":\"ImageObject\",\"inLanguage\":\"en-US\",\"@id\":\"https:\/\/privacyprovided.eu\/#\/schema\/logo\/image\/\",\"url\":\"https:\/\/privacyprovided.eu\/wp-content\/uploads\/2021\/11\/Privacy_Provided_Logo_gelb.png\",\"contentUrl\":\"https:\/\/privacyprovided.eu\/wp-content\/uploads\/2021\/11\/Privacy_Provided_Logo_gelb.png\",\"width\":369,\"height\":144,\"caption\":\"privacy provided\"},\"image\":{\"@id\":\"https:\/\/privacyprovided.eu\/#\/schema\/logo\/image\/\"}}]}<\/script>\n<!-- \/ Yoast SEO Premium plugin. -->","yoast_head_json":{"title":"\ud83e\udd2b Max Schrems on data protection in the company: pr\u25b0vacy provided","description":"The data protection lawyer and activist Max Schrems, known from his lawsuits on Safe Harbor & Privacy Shield, is discussing with companies how they offer-compliant services","robots":{"index":"index","follow":"follow","max-snippet":"max-snippet:-1","max-image-preview":"max-image-preview:large","max-video-preview":"max-video-preview:-1"},"canonical":"https:\/\/privacyprovided.eu\/en\/about-us\/max-schrems","og_locale":"en_US","og_type":"article","og_title":"Max Schrems","og_description":"The data protection lawyer and activist Max Schrems, known from his lawsuits on Safe Harbor & Privacy Shield, is discussing with companies how they offer-compliant services","og_url":"https:\/\/privacyprovided.eu\/en\/about-us\/max-schrems","og_site_name":"privacy provided","article_modified_time":"2021-11-18T11:58:18+00:00","og_image":[{"url":"https:\/\/privacyprovided.eu\/wp-content\/uploads\/2021\/03\/max-schrems_amber.svg"}],"twitter_card":"summary_large_image","twitter_image":"https:\/\/privacyprovided.eu\/wp-content\/uploads\/2021\/03\/max-schrems-social.jpg","twitter_misc":{"Est. reading time":"1 minute"},"schema":{"@context":"https:\/\/schema.org","@graph":[{"@type":"WebPage","@id":"https:\/\/privacyprovided.eu\/en\/about-us\/max-schrems","url":"https:\/\/privacyprovided.eu\/en\/about-us\/max-schrems","name":"\ud83e\udd2b Max Schrems on data protection in the company: pr\u25b0vacy provided","isPartOf":{"@id":"https:\/\/privacyprovided.eu\/#website"},"datePublished":"2021-08-23T10:14:14+00:00","dateModified":"2021-11-18T11:58:18+00:00","description":"The data protection lawyer and activist Max Schrems, known from his lawsuits on Safe Harbor & Privacy Shield, is discussing with companies how they offer-compliant services","breadcrumb":{"@id":"https:\/\/privacyprovided.eu\/en\/about-us\/max-schrems#breadcrumb"},"inLanguage":"en-US","potentialAction":[{"@type":"ReadAction","target":["https:\/\/privacyprovided.eu\/en\/about-us\/max-schrems"]}]},{"@type":"BreadcrumbList","@id":"https:\/\/privacyprovided.eu\/en\/about-us\/max-schrems#breadcrumb","itemListElement":[{"@type":"ListItem","position":1,"name":"Startseite","item":"https:\/\/privacyprovided.eu\/en"},{"@type":"ListItem","position":2,"name":"about us","item":"https:\/\/privacyprovided.eu\/en\/about-us"},{"@type":"ListItem","position":3,"name":"Max Schrems"}]},{"@type":"WebSite","@id":"https:\/\/privacyprovided.eu\/#website","url":"https:\/\/privacyprovided.eu\/","name":"privacy provided","description":"Datenschutz f\u00fcr Unternehmen","publisher":{"@id":"https:\/\/privacyprovided.eu\/#organization"},"potentialAction":[{"@type":"SearchAction","target":{"@type":"EntryPoint","urlTemplate":"https:\/\/privacyprovided.eu\/?s={search_term_string}"},"query-input":"required name=search_term_string"}],"inLanguage":"en-US"},{"@type":"Organization","@id":"https:\/\/privacyprovided.eu\/#organization","name":"privacy provided","url":"https:\/\/privacyprovided.eu\/","logo":{"@type":"ImageObject","inLanguage":"en-US","@id":"https:\/\/privacyprovided.eu\/#\/schema\/logo\/image\/","url":"https:\/\/privacyprovided.eu\/wp-content\/uploads\/2021\/11\/Privacy_Provided_Logo_gelb.png","contentUrl":"https:\/\/privacyprovided.eu\/wp-content\/uploads\/2021\/11\/Privacy_Provided_Logo_gelb.png","width":369,"height":144,"caption":"privacy provided"},"image":{"@id":"https:\/\/privacyprovided.eu\/#\/schema\/logo\/image\/"}}]}},"uagb_featured_image_src":{"full":false,"thumbnail":false,"medium":false,"medium_large":false,"large":false,"1536x1536":false,"2048x2048":false},"uagb_author_info":{"display_name":"pp-koni","author_link":"https:\/\/privacyprovided.eu\/en\/author\/pp-koni"},"uagb_comment_info":0,"uagb_excerpt":"Max Schrems Probably the most famous European data protectionist Max Schrems as \u201cSnow plow for our digital future\u201d Max Schrems und his team concentrate on the big data protection issues. They are idealists. As a result, they want real changes in the handling of personal data. Accordingly, he doesnot fight against companies and technologies, but&hellip;","_links":{"self":[{"href":"https:\/\/privacyprovided.eu\/en\/wp-json\/wp\/v2\/pages\/1630"}],"collection":[{"href":"https:\/\/privacyprovided.eu\/en\/wp-json\/wp\/v2\/pages"}],"about":[{"href":"https:\/\/privacyprovided.eu\/en\/wp-json\/wp\/v2\/types\/page"}],"author":[{"embeddable":true,"href":"https:\/\/privacyprovided.eu\/en\/wp-json\/wp\/v2\/users\/1"}],"replies":[{"embeddable":true,"href":"https:\/\/privacyprovided.eu\/en\/wp-json\/wp\/v2\/comments?post=1630"}],"version-history":[{"count":17,"href":"https:\/\/privacyprovided.eu\/en\/wp-json\/wp\/v2\/pages\/1630\/revisions"}],"predecessor-version":[{"id":3005,"href":"https:\/\/privacyprovided.eu\/en\/wp-json\/wp\/v2\/pages\/1630\/revisions\/3005"}],"up":[{"embeddable":true,"href":"https:\/\/privacyprovided.eu\/en\/wp-json\/wp\/v2\/pages\/2689"}],"wp:attachment":[{"href":"https:\/\/privacyprovided.eu\/en\/wp-json\/wp\/v2\/media?parent=1630"}],"curies":[{"name":"wp","href":"https:\/\/api.w.org\/{rel}","templated":true}]}}